{"id":399,"date":"2025-11-28T18:42:00","date_gmt":"2025-11-28T18:42:00","guid":{"rendered":"https:\/\/vitalharmony.fi\/?page_id=399"},"modified":"2025-12-08T01:32:32","modified_gmt":"2025-12-08T01:32:32","slug":"399-2","status":"publish","type":"page","link":"https:\/\/vitalharmony.fi\/index.php\/tietosuojaseloste-2\/399-2\/","title":{"rendered":"Lis\u00e4\u00e4"},"content":{"rendered":"\n<p><\/p>\n\n\n\n<p><strong>Tietosuojaseloste-Hierontapalvelut<\/strong><\/p>\n\n\n\n<p>1. Rekisterinpit\u00e4j\u00e4<\/p>\n\n\n\n<p>Yrityksen nimi: CMJ Palvelu\/Vital Harmony<\/p>\n\n\n\n<p>Y-tunnus: 3205313-1<\/p>\n\n\n\n<p>Osoite: Is\u00e4nt\u00e4rengintie 4 E 17, 02940 Espoo<\/p>\n\n\n\n<p>S\u00e4hk\u00f6posti: meijuan.chen@vitalharmony.fi<\/p>\n\n\n\n<p>Puhelinnumero: 0406794200<\/p>\n\n\n\n<p>Rekisterinpit\u00e4j\u00e4 on vastuussa asiakkaiden henkil\u00f6tietojen k\u00e4sittelyst\u00e4.<\/p>\n\n\n\n<p>2. Mit\u00e4 tietoja ker\u00e4t\u00e4\u00e4n<\/p>\n\n\n\n<p>Hierontapalvelun toteuttamiseksi ker\u00e4t\u00e4\u00e4n seuraavia tietoja:<\/p>\n\n\n\n<p>Perustiedot:<\/p>\n\n\n\n<p>&nbsp;&nbsp;&nbsp;&nbsp;&nbsp;&nbsp;&nbsp;&nbsp;&nbsp;&nbsp;&nbsp;&nbsp;&nbsp;&nbsp; \u2022&nbsp;&nbsp;&nbsp;&nbsp;&nbsp;&nbsp;&nbsp;&nbsp;&nbsp;&nbsp;&nbsp;&nbsp; Nimi<\/p>\n\n\n\n<p>&nbsp;&nbsp;&nbsp;&nbsp;&nbsp;&nbsp;&nbsp;&nbsp;&nbsp;&nbsp;&nbsp;&nbsp;&nbsp;&nbsp; \u2022&nbsp;&nbsp;&nbsp;&nbsp;&nbsp;&nbsp;&nbsp;&nbsp;&nbsp;&nbsp;&nbsp;&nbsp; Puhelinnumero<\/p>\n\n\n\n<p>&nbsp;&nbsp;&nbsp;&nbsp;&nbsp;&nbsp;&nbsp;&nbsp;&nbsp;&nbsp;&nbsp;&nbsp;&nbsp;&nbsp; \u2022&nbsp;&nbsp;&nbsp;&nbsp;&nbsp;&nbsp;&nbsp;&nbsp;&nbsp;&nbsp;&nbsp;&nbsp; S\u00e4hk\u00f6postiosoite<\/p>\n\n\n\n<p>&nbsp;&nbsp;&nbsp;&nbsp;&nbsp;&nbsp;&nbsp;&nbsp;&nbsp;&nbsp;&nbsp;&nbsp;&nbsp;&nbsp; \u2022&nbsp;&nbsp;&nbsp;&nbsp;&nbsp;&nbsp;&nbsp;&nbsp;&nbsp;&nbsp;&nbsp;&nbsp; Varauksen tiedot (aika, palvelu)<\/p>\n\n\n\n<p>Terveyteen liittyv\u00e4t tiedot (vain tarvittaessa):<\/p>\n\n\n\n<p>&nbsp;&nbsp;&nbsp;&nbsp;&nbsp;&nbsp;&nbsp;&nbsp;&nbsp;&nbsp;&nbsp;&nbsp;&nbsp;&nbsp; \u2022&nbsp;&nbsp;&nbsp;&nbsp;&nbsp;&nbsp;&nbsp;&nbsp;&nbsp;&nbsp;&nbsp;&nbsp; Hierontaan vaikuttavat terveystiedot (esim. kiputilat, raskauteen liittyv\u00e4t tiedot, l\u00e4\u00e4kitys joka vaikuttaa hoitoon)<\/p>\n\n\n\n<p>N\u00e4iden tietojen antaminen on vapaaehtoista, mutta voi olla tarpeen turvallisen hoidon toteuttamiseksi.<\/p>\n\n\n\n<p>3. Mihin tietoja k\u00e4ytet\u00e4\u00e4n<\/p>\n\n\n\n<p>&nbsp;&nbsp;&nbsp;&nbsp;&nbsp;&nbsp;&nbsp;&nbsp;&nbsp;&nbsp;&nbsp;&nbsp;&nbsp;&nbsp; \u2022&nbsp;&nbsp;&nbsp;&nbsp;&nbsp;&nbsp;&nbsp;&nbsp;&nbsp;&nbsp;&nbsp;&nbsp; Hierontapalvelun toteuttamiseen<\/p>\n\n\n\n<p>&nbsp;&nbsp;&nbsp;&nbsp;&nbsp;&nbsp;&nbsp;&nbsp;&nbsp;&nbsp;&nbsp;&nbsp;&nbsp;&nbsp; \u2022&nbsp;&nbsp;&nbsp;&nbsp;&nbsp;&nbsp;&nbsp;&nbsp;&nbsp;&nbsp;&nbsp;&nbsp; Ajanvarausten hallintaan ja asiakasviestint\u00e4\u00e4n<\/p>\n\n\n\n<p>&nbsp;&nbsp;&nbsp;&nbsp;&nbsp;&nbsp;&nbsp;&nbsp;&nbsp;&nbsp;&nbsp;&nbsp;&nbsp;&nbsp; \u2022&nbsp;&nbsp;&nbsp;&nbsp;&nbsp;&nbsp;&nbsp;&nbsp;&nbsp;&nbsp;&nbsp;&nbsp; Laskutukseen ja kirjanpitoon<\/p>\n\n\n\n<p>&nbsp;&nbsp;&nbsp;&nbsp;&nbsp;&nbsp;&nbsp;&nbsp;&nbsp;&nbsp;&nbsp;&nbsp;&nbsp;&nbsp; \u2022&nbsp;&nbsp;&nbsp;&nbsp;&nbsp;&nbsp;&nbsp;&nbsp;&nbsp;&nbsp;&nbsp;&nbsp; Asiakassuhteen yll\u00e4pitoon<\/p>\n\n\n\n<p>Tietoja ei k\u00e4ytet\u00e4 markkinointiin ilman asiakkaan erillist\u00e4 lupaa.<\/p>\n\n\n\n<p>4. Tietojen s\u00e4ilytysaika<\/p>\n\n\n\n<p>&nbsp;&nbsp;&nbsp;&nbsp;&nbsp;&nbsp;&nbsp;&nbsp;&nbsp;&nbsp;&nbsp;&nbsp;&nbsp;&nbsp; \u2022&nbsp;&nbsp;&nbsp;&nbsp;&nbsp;&nbsp;&nbsp;&nbsp;&nbsp;&nbsp;&nbsp;&nbsp; Perustiedot (nimi, yhteystiedot, varaukset): s\u00e4ilytet\u00e4\u00e4n 3 vuotta viimeisest\u00e4 k\u00e4ynnist\u00e4<\/p>\n\n\n\n<p>&nbsp;&nbsp;&nbsp;&nbsp;&nbsp;&nbsp;&nbsp;&nbsp;&nbsp;&nbsp;&nbsp;&nbsp;&nbsp;&nbsp; \u2022&nbsp;&nbsp;&nbsp;&nbsp;&nbsp;&nbsp;&nbsp;&nbsp;&nbsp;&nbsp;&nbsp;&nbsp; Terveyteen liittyv\u00e4t muistiinpanot: s\u00e4ilytet\u00e4\u00e4n 1 vuosi viimeisest\u00e4 k\u00e4ynnist\u00e4<\/p>\n\n\n\n<p>&nbsp;&nbsp;&nbsp;&nbsp;&nbsp;&nbsp;&nbsp;&nbsp;&nbsp;&nbsp;&nbsp;&nbsp;&nbsp;&nbsp; \u2022&nbsp;&nbsp;&nbsp;&nbsp;&nbsp;&nbsp;&nbsp;&nbsp;&nbsp;&nbsp;&nbsp;&nbsp; Kirjanpitoon liittyv\u00e4t tiedot: s\u00e4ilytet\u00e4\u00e4n 6 vuotta kirjanpitolain mukaisesti<\/p>\n\n\n\n<p>Tiedot poistetaan s\u00e4ilytysajan p\u00e4\u00e4tytty\u00e4 turvallisesti.<\/p>\n\n\n\n<p>5. Tietojen luovuttaminen<\/p>\n\n\n\n<p>Asiakastietoja ei luovuteta kolmansille osapuolille.<\/p>\n\n\n\n<p>Poikkeuksena lakis\u00e4\u00e4teiset viranomaispyynn\u00f6t (esim. kirjanpitoaineisto verottajalle).<\/p>\n\n\n\n<p>6. Tietojen suojaus<\/p>\n\n\n\n<p>&nbsp;&nbsp;&nbsp;&nbsp;&nbsp;&nbsp;&nbsp;&nbsp;&nbsp;&nbsp;&nbsp;&nbsp;&nbsp;&nbsp; \u2022&nbsp;&nbsp;&nbsp;&nbsp;&nbsp;&nbsp;&nbsp;&nbsp;&nbsp;&nbsp;&nbsp;&nbsp; Tiedot s\u00e4ilytet\u00e4\u00e4n suojatussa s\u00e4hk\u00f6isess\u00e4 j\u00e4rjestelm\u00e4ss\u00e4 tai lukitussa tilassa<\/p>\n\n\n\n<p>&nbsp;&nbsp;&nbsp;&nbsp;&nbsp;&nbsp;&nbsp;&nbsp;&nbsp;&nbsp;&nbsp;&nbsp;&nbsp;&nbsp; \u2022&nbsp;&nbsp;&nbsp;&nbsp;&nbsp;&nbsp;&nbsp;&nbsp;&nbsp;&nbsp;&nbsp;&nbsp; P\u00e4\u00e4sy tietoihin on vain rekisterinpit\u00e4j\u00e4ll\u00e4 (yksinyritt\u00e4j\u00e4)<\/p>\n\n\n\n<p>7. Asiakkaan oikeudet<\/p>\n\n\n\n<p>Asiakas voi:<\/p>\n\n\n\n<p>&nbsp;&nbsp;&nbsp;&nbsp;&nbsp;&nbsp;&nbsp;&nbsp;&nbsp;&nbsp;&nbsp;&nbsp;&nbsp;&nbsp; \u2022&nbsp;&nbsp;&nbsp;&nbsp;&nbsp;&nbsp;&nbsp;&nbsp;&nbsp;&nbsp;&nbsp;&nbsp; pyyt\u00e4\u00e4 p\u00e4\u00e4sy\u00e4 itse\u00e4\u00e4n koskeviin tietoihin<\/p>\n\n\n\n<p>&nbsp;&nbsp;&nbsp;&nbsp;&nbsp;&nbsp;&nbsp;&nbsp;&nbsp;&nbsp;&nbsp;&nbsp;&nbsp;&nbsp; \u2022&nbsp;&nbsp;&nbsp;&nbsp;&nbsp;&nbsp;&nbsp;&nbsp;&nbsp;&nbsp;&nbsp;&nbsp; pyyt\u00e4\u00e4 oikaisua tai poistamista<\/p>\n\n\n\n<p>&nbsp;&nbsp;&nbsp;&nbsp;&nbsp;&nbsp;&nbsp;&nbsp;&nbsp;&nbsp;&nbsp;&nbsp;&nbsp;&nbsp; \u2022&nbsp;&nbsp;&nbsp;&nbsp;&nbsp;&nbsp;&nbsp;&nbsp;&nbsp;&nbsp;&nbsp;&nbsp; rajoittaa k\u00e4sittely\u00e4<\/p>\n\n\n\n<p>&nbsp;&nbsp;&nbsp;&nbsp;&nbsp;&nbsp;&nbsp;&nbsp;&nbsp;&nbsp;&nbsp;&nbsp;&nbsp;&nbsp; \u2022&nbsp;&nbsp;&nbsp;&nbsp;&nbsp;&nbsp;&nbsp;&nbsp;&nbsp;&nbsp;&nbsp;&nbsp; peruuttaa suostumuksen (jos suostumus on pyydetty)<\/p>\n\n\n\n<p>&nbsp;&nbsp;&nbsp;&nbsp;&nbsp;&nbsp;&nbsp;&nbsp;&nbsp;&nbsp;&nbsp;&nbsp;&nbsp;&nbsp; \u2022&nbsp;&nbsp;&nbsp;&nbsp;&nbsp;&nbsp;&nbsp;&nbsp;&nbsp;&nbsp;&nbsp;&nbsp; tehd\u00e4 valituksen tietosuojavaltuutetulle<\/p>\n\n\n\n<p>Pyynt\u00f6ihin vastataan viimeist\u00e4\u00e4n 30 p\u00e4iv\u00e4n kuluessa.<\/p>\n\n\n\n<p>8. Yhteydenotot<\/p>\n\n\n\n<p>Kaikki tietosuojaan liittyv\u00e4t pyynn\u00f6t voi l\u00e4hett\u00e4\u00e4 osoitteeseen:<\/p>\n\n\n\n<p>meijuan.chen@vitalharmony.fi<\/p>\n\n\n\n<p><\/p>\n","protected":false},"excerpt":{"rendered":"<p>Tietosuojaseloste-Hierontapalvelut 1. Rekisterinpit\u00e4j\u00e4 Yrityksen nimi: CMJ Palvelu\/Vital Harmony Y-tunnus: 3205313-1 Osoite: Is\u00e4nt\u00e4rengintie 4 E 17, 02940 Espoo S\u00e4hk\u00f6posti: meijuan.chen@vitalharmony.fi Puhelinnumero: 0406794200 Rekisterinpit\u00e4j\u00e4 on vastuussa asiakkaiden henkil\u00f6tietojen k\u00e4sittelyst\u00e4. 2. Mit\u00e4 tietoja ker\u00e4t\u00e4\u00e4n Hierontapalvelun toteuttamiseksi ker\u00e4t\u00e4\u00e4n seuraavia tietoja: Perustiedot: &nbsp;&nbsp;&nbsp;&nbsp;&nbsp;&nbsp;&nbsp;&nbsp;&nbsp;&nbsp;&nbsp;&nbsp;&nbsp;&nbsp; \u2022&nbsp;&nbsp;&nbsp;&nbsp;&nbsp;&nbsp;&nbsp;&nbsp;&nbsp;&nbsp;&nbsp;&nbsp; Nimi &nbsp;&nbsp;&nbsp;&nbsp;&nbsp;&nbsp;&nbsp;&nbsp;&nbsp;&nbsp;&nbsp;&nbsp;&nbsp;&nbsp; \u2022&nbsp;&nbsp;&nbsp;&nbsp;&nbsp;&nbsp;&nbsp;&nbsp;&nbsp;&nbsp;&nbsp;&nbsp; Puhelinnumero &nbsp;&nbsp;&nbsp;&nbsp;&nbsp;&nbsp;&nbsp;&nbsp;&nbsp;&nbsp;&nbsp;&nbsp;&nbsp;&nbsp; \u2022&nbsp;&nbsp;&nbsp;&nbsp;&nbsp;&nbsp;&nbsp;&nbsp;&nbsp;&nbsp;&nbsp;&nbsp; S\u00e4hk\u00f6postiosoite &nbsp;&nbsp;&nbsp;&nbsp;&nbsp;&nbsp;&nbsp;&nbsp;&nbsp;&nbsp;&nbsp;&nbsp;&nbsp;&nbsp; \u2022&nbsp;&nbsp;&nbsp;&nbsp;&nbsp;&nbsp;&nbsp;&nbsp;&nbsp;&nbsp;&nbsp;&nbsp; Varauksen tiedot (aika, palvelu) Terveyteen liittyv\u00e4t tiedot [&hellip;]<\/p>\n","protected":false},"author":1,"featured_media":0,"parent":528,"menu_order":0,"comment_status":"closed","ping_status":"closed","template":"wp-custom-template-hakukent","meta":{"footnotes":""},"class_list":["post-399","page","type-page","status-publish","hentry"],"_links":{"self":[{"href":"https:\/\/vitalharmony.fi\/index.php\/wp-json\/wp\/v2\/pages\/399","targetHints":{"allow":["GET"]}}],"collection":[{"href":"https:\/\/vitalharmony.fi\/index.php\/wp-json\/wp\/v2\/pages"}],"about":[{"href":"https:\/\/vitalharmony.fi\/index.php\/wp-json\/wp\/v2\/types\/page"}],"author":[{"embeddable":true,"href":"https:\/\/vitalharmony.fi\/index.php\/wp-json\/wp\/v2\/users\/1"}],"replies":[{"embeddable":true,"href":"https:\/\/vitalharmony.fi\/index.php\/wp-json\/wp\/v2\/comments?post=399"}],"version-history":[{"count":5,"href":"https:\/\/vitalharmony.fi\/index.php\/wp-json\/wp\/v2\/pages\/399\/revisions"}],"predecessor-version":[{"id":532,"href":"https:\/\/vitalharmony.fi\/index.php\/wp-json\/wp\/v2\/pages\/399\/revisions\/532"}],"up":[{"embeddable":true,"href":"https:\/\/vitalharmony.fi\/index.php\/wp-json\/wp\/v2\/pages\/528"}],"wp:attachment":[{"href":"https:\/\/vitalharmony.fi\/index.php\/wp-json\/wp\/v2\/media?parent=399"}],"curies":[{"name":"wp","href":"https:\/\/api.w.org\/{rel}","templated":true}]}}